{"id":8279,"date":"2022-11-25T15:40:05","date_gmt":"2022-11-25T07:40:05","guid":{"rendered":"https:\/\/xhteapack.com\/?post_type=product&#038;p=8279"},"modified":"2022-11-25T15:56:52","modified_gmt":"2022-11-25T07:56:52","slug":"may-dong-goi-bot-dang-tui-truc-vit-dung","status":"publish","type":"product","link":"https:\/\/xhteapack.com\/vi\/san-pham\/may-dong-goi-bot-dang-tui-truc-vit-dung\/","title":{"rendered":"M\u00e1y \u0111\u00f3ng g\u00f3i b\u1ed9t \u0111\u00f3ng g\u00f3i m\u00e1y khoan d\u1ecdc"},"content":{"rendered":"<h2>M\u00e1y \u0111\u00f3ng g\u00f3i b\u1ed9t ph\u1ee5 XH-20ZF<\/h2>\n<p>Model: XH-20ZF c\u00f3 gi\u00e1 ph\u1ea3i ch\u0103ng <a href=\"https:\/\/xhteapack.com\/vi\/may-dong-goi-goi-2\/\">m\u00e1y \u0111\u00f3ng g\u00f3i<\/a> m\u00e0 b\u1ea1n c\u00f3 th\u1ec3 d\u1ef1a v\u00e0o. N\u00f3 c\u00f3 th\u1ec3 t\u1ea1o ra c\u00e1c g\u00f3i g\u00f3i c\u00f3 3 ho\u1eb7c 4 m\u1eb7t \u0111\u01b0\u1ee3c ni\u00eam phong \u0111\u1ed3ng nh\u1ea5t v\u00e0 c\u00f3 l\u1ed7i h\u1ea1n ch\u1ebf.<\/p>\n<p>M\u00e1y chi\u1ebft r\u00f3t v\u00e0 h\u00e0n mi\u1ec7ng t\u00fai hi\u1ec7u qu\u1ea3 n\u00e0y l\u00e0 l\u1ef1a ch\u1ecdn ho\u00e0n h\u1ea3o cho c\u00e1c m\u1eb7t h\u00e0ng nh\u01b0 c\u00e0 ph\u00ea h\u00f2a tan, b\u1ed9t m\u00ec, v.v. N\u00f3 c\u00f3 th\u1ec3 ch\u1ee9a c\u00e1c g\u00f3i \u0111\u01a1n t\u1eeb 1 gram \u0111\u1ebfn 100 gram.<\/p>\n<p>\u0110\u1ec3 \u0111\u00f3ng g\u00f3i c\u00e1c g\u00f3i b\u1ed9t m\u1ed9t c\u00e1ch hi\u1ec7u qu\u1ea3, \u0111i\u1ec1u quan tr\u1ecdng l\u00e0 ph\u1ea3i ch\u1ecdn ch\u1ea5t \u0111\u1ed9n b\u1ed9t ph\u00f9 h\u1ee3p.<\/p>\n<p>Ch\u1ec9 c\u1ea7n cho ch\u00fang t\u00f4i bi\u1ebft v\u1ec1 lo\u1ea1i b\u1ed9t c\u1ee7a b\u1ea1n, ch\u1eb3ng h\u1ea1n nh\u01b0 k\u00edch th\u01b0\u1edbc m\u1eaft l\u01b0\u1edbi, \u0111\u1ed9 \u1ea9m, m\u1eadt \u0111\u1ed9 v\u00e0 b\u1ea5t k\u1ef3 \u0111\u1eb7c \u0111i\u1ec3m \u0111\u1eb7c bi\u1ec7t n\u00e0o kh\u00e1c.<\/p>\n<p>Sau \u0111\u00f3, ch\u00fang t\u00f4i c\u00f3 th\u1ec3 gi\u00fap b\u1ea1n ch\u1ecdn m\u1ed9t m\u00e1y l\u00e0m b\u1ed9t ho\u00e0n h\u1ea3o cho nhu c\u1ea7u c\u1ee7a b\u1ea1n.<\/p>","protected":false},"excerpt":{"rendered":"<p>M\u00e1y \u0111\u00f3ng g\u00f3i b\u1ed9t \u0111\u1ed9n XH-20ZF Model: XH-20ZF l\u00e0 m\u00e1y \u0111\u00f3ng g\u00f3i d\u1ea1ng g\u00f3i gi\u00e1 c\u1ea3 ph\u1ea3i ch\u0103ng m\u00e0 b\u1ea1n c\u00f3 th\u1ec3 tin c\u1eady. N\u00f3 c\u00f3 th\u1ec3 s\u1ea3n xu\u1ea5t c\u00e1c g\u00f3i d\u1ea1ng g\u00f3i c\u00f3 3 ho\u1eb7c 4 m\u1eb7t \u0111\u01b0\u1ee3c d\u00e1n k\u00edn \u0111\u1ed3ng nh\u1ea5t v\u00e0 h\u1ea1n ch\u1ebf sai s\u00f3t. M\u00e1y chi\u1ebft r\u00f3t v\u00e0 h\u00e0n k\u00edn t\u00fai hi\u1ec7u qu\u1ea3 n\u00e0y ho\u00e0n h\u1ea3o cho c\u00e1c m\u1eb7t h\u00e0ng nh\u01b0 c\u00e0 ph\u00ea h\u00f2a tan, b\u1ed9t m\u00ec, v.v. [\u2026]<\/p>","protected":false},"featured_media":4974,"comment_status":"open","ping_status":"closed","template":"","meta":{"_eb_attr":""},"product_cat":[212],"product_tag":[363,338],"class_list":{"0":"post-8279","1":"product","2":"type-product","3":"status-publish","4":"has-post-thumbnail","6":"product_cat-vertical-form-fill-seal-machine","7":"product_tag-instant-coffee-packaging","8":"product_tag-powder-packing-machine","10":"first","11":"instock","12":"shipping-taxable","13":"product-type-simple"},"_links":{"self":[{"href":"https:\/\/xhteapack.com\/vi\/wp-json\/wp\/v2\/product\/8279","targetHints":{"allow":["GET"]}}],"collection":[{"href":"https:\/\/xhteapack.com\/vi\/wp-json\/wp\/v2\/product"}],"about":[{"href":"https:\/\/xhteapack.com\/vi\/wp-json\/wp\/v2\/types\/product"}],"replies":[{"embeddable":true,"href":"https:\/\/xhteapack.com\/vi\/wp-json\/wp\/v2\/comments?post=8279"}],"wp:featuredmedia":[{"embeddable":true,"href":"https:\/\/xhteapack.com\/vi\/wp-json\/wp\/v2\/media\/4974"}],"wp:attachment":[{"href":"https:\/\/xhteapack.com\/vi\/wp-json\/wp\/v2\/media?parent=8279"}],"wp:term":[{"taxonomy":"product_cat","embeddable":true,"href":"https:\/\/xhteapack.com\/vi\/wp-json\/wp\/v2\/product_cat?post=8279"},{"taxonomy":"product_tag","embeddable":true,"href":"https:\/\/xhteapack.com\/vi\/wp-json\/wp\/v2\/product_tag?post=8279"}],"curies":[{"name":"wp","href":"https:\/\/api.w.org\/{rel}","templated":true}]}}