{"id":7611,"date":"2022-10-17T16:36:52","date_gmt":"2022-10-17T08:36:52","guid":{"rendered":"https:\/\/xhteapack.com\/?post_type=product&#038;p=7611"},"modified":"2022-10-18T16:11:44","modified_gmt":"2022-10-18T08:11:44","slug":"may-dong-goi-tra","status":"publish","type":"product","link":"https:\/\/xhteapack.com\/vi\/san-pham\/may-dong-goi-tra\/","title":{"rendered":"M\u00e1y \u0111\u00f3ng g\u00f3i tr\u00e0 h\u00fat ch\u00e2n kh\u00f4ng XH-66"},"content":{"rendered":"<h2>M\u00e1y \u0111\u00f3ng g\u00f3i l\u00e1 r\u1eddi t\u00fai l\u00e0m s\u1eb5n<\/h2>\n<p>M\u00e1y \u0111\u00f3ng g\u00f3i tr\u00e0 t\u00fai l\u1ecdc nh\u1ecf XH-66 l\u00e0 m\u1ed9t gi\u1ea3i ph\u00e1p \u0111\u00f3ng g\u00f3i \u0111\u00e1ng tin c\u1eady, gi\u00e1 c\u1ea3 ph\u1ea3i ch\u0103ng cho tr\u00e0 l\u00e1 r\u1eddi ph\u1ee5c v\u1ee5 m\u1ed9t l\u1ea7n.<\/p>\n<p>N\u00f3 ph\u00f9 h\u1ee3p \u0111\u1ec3 \u0111\u00f3ng g\u00f3i t\u1ea5t c\u1ea3 c\u00e1c lo\u1ea1i tr\u00e0 nh\u01b0 tr\u00e0 Da Hong Pao, tr\u00e0 Oolong, tr\u00e0 xanh, v.v.<\/p>\n<p>M\u00e1y \u0111\u00f3ng g\u00f3i g\u00f3i tr\u00e0 xinh x\u1eafn n\u00e0y \u0111\u01b0\u1ee3c thi\u1ebft k\u1ebf v\u1edbi m\u1ed9t khung nh\u1ecf \u0111\u1ec3 chi\u1ebfm \u00edt kh\u00f4ng gian.<\/p>\n<p>V\u1edbi hai c\u00e2n \u0111\u1ecbnh l\u01b0\u1ee3ng \u0111i\u1ec7n t\u1eed, m\u00e1y \u0111\u00f3ng g\u00f3i tr\u00e0 t\u00fai l\u1ecdc XH-66 c\u00f3 \u0111\u1ed9 ch\u00ednh x\u00e1c \u0111\u1ebfn +-0,2g, ngh\u0129a l\u00e0 vi\u1ec7c \u0111o l\u01b0\u1eddng s\u1ebd v\u1eeba nhanh v\u1eeba ch\u00ednh x\u00e1c.<\/p>\n<p>Th\u1ef1c hi\u1ec7n <a href=\"https:\/\/xhteapack.com\/vi\/bag_type\/tui-hinh-tam-giac\/\">t\u00fai h\u00ecnh tam gi\u00e1c \u0111\u00fac s\u1eb5n<\/a> l\u00e0m v\u1eadt li\u1ec7u \u0111\u00f3ng g\u00f3i b\u1ea1n ch\u1ecdn. M\u00e1y \u0111\u00f3ng g\u00f3i g\u00f3i tr\u00e0 c\u00f3 th\u1ec3 s\u1ea3n xu\u1ea5t 20-30 g\u00f3i m\u1ed7i ph\u00fat.<\/p>\n<p>B\u00ean c\u1ea1nh \u0111\u00f3, m\u00e1y \u0111\u00f3ng g\u00f3i tr\u00e0 n\u00e0y \u0111i k\u00e8m v\u1edbi m\u1ed9t b\u1ed9 ph\u1eadn \u0111\u1ecbnh h\u00ecnh t\u00fai ho\u00e0n ch\u1ec9nh. \u0110i\u1ec1u \u0111\u00f3 c\u00f3 ngh\u0129a l\u00e0 b\u1ea1n c\u00f3 th\u1ec3 \u0111i\u1ec1u ch\u1ec9nh h\u00ecnh d\u1ea1ng c\u1ee7a g\u00f3i tr\u00e0 \u0111\u1ec3 ph\u00f9 h\u1ee3p v\u1edbi c\u00e1c s\u1ea3n ph\u1ea9m kh\u00e1c nhau. Th\u00eam v\u00e0o \u0111\u00f3, bao b\u00ec ch\u00e2n kh\u00f4ng c\u0169ng c\u00f3 s\u1eb5n.<\/p>","protected":false},"excerpt":{"rendered":"<p>M\u00e1y \u0111\u00f3ng g\u00f3i tr\u00e0 l\u00e1 r\u1eddi d\u1ea1ng t\u00fai l\u00e0m s\u1eb5n M\u00e1y \u0111\u00f3ng g\u00f3i tr\u00e0 t\u00fai l\u1ecdc nh\u1ecf XH-66 l\u00e0 gi\u1ea3i ph\u00e1p \u0111\u00f3ng g\u00f3i \u0111\u00e1ng tin c\u1eady, gi\u00e1 c\u1ea3 ph\u1ea3i ch\u0103ng cho tr\u00e0 l\u00e1 r\u1eddi d\u00f9ng m\u1ed9t l\u1ea7n. N\u00f3 ph\u00f9 h\u1ee3p \u0111\u1ec3 \u0111\u00f3ng g\u00f3i t\u1ea5t c\u1ea3 c\u00e1c lo\u1ea1i tr\u00e0 nh\u01b0 tr\u00e0 \u0110\u1ea1i H\u1ed3ng B\u00e0o, tr\u00e0 \u00d4 long, tr\u00e0 xanh, v.v. M\u00e1y \u0111\u00f3ng g\u00f3i t\u00fai tr\u00e0 xinh x\u1eafn n\u00e0y \u0111\u01b0\u1ee3c thi\u1ebft k\u1ebf v\u1edbi m\u1ed9t [\u2026]<\/p>","protected":false},"featured_media":7616,"comment_status":"open","ping_status":"closed","template":"","meta":{"_eb_attr":""},"product_cat":[213],"product_tag":[],"class_list":{"0":"post-7611","1":"product","2":"type-product","3":"status-publish","4":"has-post-thumbnail","6":"product_cat-tea-bag-packing-machine","8":"first","9":"instock","10":"shipping-taxable","11":"product-type-simple"},"_links":{"self":[{"href":"https:\/\/xhteapack.com\/vi\/wp-json\/wp\/v2\/product\/7611","targetHints":{"allow":["GET"]}}],"collection":[{"href":"https:\/\/xhteapack.com\/vi\/wp-json\/wp\/v2\/product"}],"about":[{"href":"https:\/\/xhteapack.com\/vi\/wp-json\/wp\/v2\/types\/product"}],"replies":[{"embeddable":true,"href":"https:\/\/xhteapack.com\/vi\/wp-json\/wp\/v2\/comments?post=7611"}],"wp:featuredmedia":[{"embeddable":true,"href":"https:\/\/xhteapack.com\/vi\/wp-json\/wp\/v2\/media\/7616"}],"wp:attachment":[{"href":"https:\/\/xhteapack.com\/vi\/wp-json\/wp\/v2\/media?parent=7611"}],"wp:term":[{"taxonomy":"product_cat","embeddable":true,"href":"https:\/\/xhteapack.com\/vi\/wp-json\/wp\/v2\/product_cat?post=7611"},{"taxonomy":"product_tag","embeddable":true,"href":"https:\/\/xhteapack.com\/vi\/wp-json\/wp\/v2\/product_tag?post=7611"}],"curies":[{"name":"wp","href":"https:\/\/api.w.org\/{rel}","templated":true}]}}