{"id":1719,"date":"2021-05-25T10:48:36","date_gmt":"2021-05-25T02:48:36","guid":{"rendered":"https:\/\/xhteapack.com\/?post_type=product&#038;p=1719"},"modified":"2022-12-14T16:58:45","modified_gmt":"2022-12-14T08:58:45","slug":"may-tui-ngoai","status":"publish","type":"product","link":"https:\/\/xhteapack.com\/vi\/san-pham\/may-tui-ngoai\/","title":{"rendered":"M\u00e1y ch\u1ee7 \u0111\u00f3ng g\u00f3i ki\u1ec3u v\u00f2i voi"},"content":{"rendered":"<h2>M\u00e1y \u0111\u00f3ng g\u00f3i \u0111\u01a1n gi\u1ea3n XH-20WD<\/h2>\n<p>M\u00e1y \u0111\u00f3ng g\u00f3i t\u00fai gi\u00e1 tr\u1ecb n\u00e0y l\u00e0 l\u1ef1a ch\u1ecdn ho\u00e0n h\u1ea3o \u0111\u1ec3 \u0111\u00f3ng g\u00f3i t\u00fai tam gi\u00e1c, t\u00fai g\u1ed1i v\u00e0 t\u00fai d\u00e1n h\u00f4ng. Th\u1eadt \u0111\u01a1n gi\u1ea3n v\u00e0 d\u1ec5 s\u1eed d\u1ee5ng, v\u1edbi m\u1ed9t chi\u1ebfc t\u00fai linh ho\u1ea1t tr\u00f4ng gi\u1ed1ng nh\u01b0 m\u1ed9t chi\u1ebfc v\u00f2i voi!<\/p>\n<p>M\u00e1y ch\u1ee7 \u0111\u00f3ng g\u00f3i g\u00f3i n\u00e0y c\u00f3 th\u1ec3 \u0111\u01b0\u1ee3c k\u1ebft h\u1ee3p v\u1edbi nhi\u1ec1u lo\u1ea1i ch\u1ea5t \u0111\u1ed9n \u0111\u1ec3 th\u1ef1c hi\u1ec7n c\u00e1c nhi\u1ec7m v\u1ee5 \u0111\u00f3ng g\u00f3i kh\u00e1c nhau. V\u00ed d\u1ee5, n\u00f3 c\u00f3 th\u1ec3 \u0111\u01b0\u1ee3c s\u1eed d\u1ee5ng v\u1edbi ch\u1ea5t \u0111\u1ed9n c\u00e2n \u0111\u1ec3 t\u1ea1o th\u00e0nh m\u1ed9t <a href=\"https:\/\/xhteapack.com\/vi\/may-dong-goi-can-tu-dong\/\">c\u00e2n m\u00e1y \u0111\u00f3ng g\u00f3i<\/a>. Ngo\u00e0i ra, n\u00f3 c\u00f3 th\u1ec3 \u0111\u01b0\u1ee3c s\u1eed d\u1ee5ng v\u1edbi <a href=\"https:\/\/xhteapack.com\/vi\/san-pham\/may-dong-goi-tra-kim-tu-thap\/\">m\u00e1y \u0111\u00f3ng t\u00fai tr\u00e0 kim t\u1ef1 th\u00e1p<\/a> to overwrap c\u00e1 nh\u00e2n t\u00fai.<\/p>\n<p><span class=\"text-dst\">Nh\u00e2n ti\u1ec7n, o<\/span><span class=\"text-dst\">c\u00e1c thi\u1ebft b\u1ecb t\u00f9y ch\u1ecdn nh\u01b0 thi\u1ebft b\u1ecb m\u00e3 h\u00f3a, thi\u1ebft b\u1ecb l\u00e0m \u0111\u1ea7y nit\u01a1 v\u00e0 thi\u1ebft b\u1ecb li\u00ean k\u1ebft t\u00fai c\u00f3 th\u1ec3 c\u00f3 s\u1eb5n theo nhu c\u1ea7u c\u1ee7a kh\u00e1ch h\u00e0ng.<\/span><\/p>","protected":false},"excerpt":{"rendered":"<p>M\u00e1y \u0111\u00f3ng g\u00f3i \u0111\u01a1n gi\u1ea3n XH-20WD M\u00e1y \u0111\u00f3ng g\u00f3i t\u00fai gi\u00e1 tr\u1ecb n\u00e0y l\u00e0 s\u1ef1 l\u1ef1a ch\u1ecdn ho\u00e0n h\u1ea3o \u0111\u1ec3 \u0111\u00f3ng g\u00f3i t\u00fai h\u00ecnh tam gi\u00e1c, t\u00fai \u0111\u1ef1ng g\u1ed1i v\u00e0 t\u00fai ni\u00eam phong b\u00ean. Th\u1eadt \u0111\u01a1n gi\u1ea3n v\u00e0 d\u1ec5 s\u1eed d\u1ee5ng, v\u1edbi m\u1ed9t chi\u1ebfc t\u00fai linh ho\u1ea1t tr\u00f4ng gi\u1ed1ng nh\u01b0 m\u1ed9t c\u00e1i v\u00f2i voi! M\u00e1y ch\u1ee7 \u0111\u00f3ng g\u00f3i d\u1ea1ng g\u00f3i n\u00e0y c\u00f3 th\u1ec3 \u0111\u01b0\u1ee3c k\u1ebft h\u1ee3p v\u1edbi nhi\u1ec1u lo\u1ea1i ch\u1ea5t \u0111\u1ed9n kh\u00e1c nhau \u0111\u1ec3 th\u1ef1c hi\u1ec7n c\u00e1c nhi\u1ec7m v\u1ee5 \u0111\u00f3ng g\u00f3i kh\u00e1c nhau. [\u2026]<\/p>","protected":false},"featured_media":1369,"comment_status":"open","ping_status":"closed","template":"","meta":{"_eb_attr":""},"product_cat":[212],"product_tag":[188,161],"class_list":{"0":"post-1719","1":"product","2":"type-product","3":"status-publish","4":"has-post-thumbnail","6":"product_cat-vertical-form-fill-seal-machine","7":"product_tag-outer-bag-packing","8":"product_tag-pyramid-bag-packing","10":"first","11":"instock","12":"shipping-taxable","13":"product-type-simple"},"_links":{"self":[{"href":"https:\/\/xhteapack.com\/vi\/wp-json\/wp\/v2\/product\/1719","targetHints":{"allow":["GET"]}}],"collection":[{"href":"https:\/\/xhteapack.com\/vi\/wp-json\/wp\/v2\/product"}],"about":[{"href":"https:\/\/xhteapack.com\/vi\/wp-json\/wp\/v2\/types\/product"}],"replies":[{"embeddable":true,"href":"https:\/\/xhteapack.com\/vi\/wp-json\/wp\/v2\/comments?post=1719"}],"wp:featuredmedia":[{"embeddable":true,"href":"https:\/\/xhteapack.com\/vi\/wp-json\/wp\/v2\/media\/1369"}],"wp:attachment":[{"href":"https:\/\/xhteapack.com\/vi\/wp-json\/wp\/v2\/media?parent=1719"}],"wp:term":[{"taxonomy":"product_cat","embeddable":true,"href":"https:\/\/xhteapack.com\/vi\/wp-json\/wp\/v2\/product_cat?post=1719"},{"taxonomy":"product_tag","embeddable":true,"href":"https:\/\/xhteapack.com\/vi\/wp-json\/wp\/v2\/product_tag?post=1719"}],"curies":[{"name":"wp","href":"https:\/\/api.w.org\/{rel}","templated":true}]}}