{"id":36,"date":"2021-04-21T15:58:41","date_gmt":"2021-04-21T07:58:41","guid":{"rendered":"https:\/\/xhteapack.com\/?page_id=36"},"modified":"2023-07-20T15:36:47","modified_gmt":"2023-07-20T07:36:47","slug":"lien-he","status":"publish","type":"page","link":"https:\/\/xhteapack.com\/vi\/lien-he\/","title":{"rendered":"Li\u00ean h\u1ec7"},"content":{"rendered":"<div data-elementor-type=\"wp-page\" data-elementor-id=\"36\" class=\"elementor elementor-36\" data-elementor-settings=\"{&quot;element_pack_global_tooltip_width&quot;:{&quot;unit&quot;:&quot;px&quot;,&quot;size&quot;:&quot;&quot;,&quot;sizes&quot;:[]},&quot;element_pack_global_tooltip_width_tablet&quot;:{&quot;unit&quot;:&quot;px&quot;,&quot;size&quot;:&quot;&quot;,&quot;sizes&quot;:[]},&quot;element_pack_global_tooltip_width_mobile&quot;:{&quot;unit&quot;:&quot;px&quot;,&quot;size&quot;:&quot;&quot;,&quot;sizes&quot;:[]},&quot;element_pack_global_tooltip_padding&quot;:{&quot;unit&quot;:&quot;px&quot;,&quot;top&quot;:&quot;&quot;,&quot;right&quot;:&quot;&quot;,&quot;bottom&quot;:&quot;&quot;,&quot;left&quot;:&quot;&quot;,&quot;isLinked&quot;:true},&quot;element_pack_global_tooltip_padding_tablet&quot;:{&quot;unit&quot;:&quot;px&quot;,&quot;top&quot;:&quot;&quot;,&quot;right&quot;:&quot;&quot;,&quot;bottom&quot;:&quot;&quot;,&quot;left&quot;:&quot;&quot;,&quot;isLinked&quot;:true},&quot;element_pack_global_tooltip_padding_mobile&quot;:{&quot;unit&quot;:&quot;px&quot;,&quot;top&quot;:&quot;&quot;,&quot;right&quot;:&quot;&quot;,&quot;bottom&quot;:&quot;&quot;,&quot;left&quot;:&quot;&quot;,&quot;isLinked&quot;:true},&quot;element_pack_global_tooltip_border_radius&quot;:{&quot;unit&quot;:&quot;px&quot;,&quot;top&quot;:&quot;&quot;,&quot;right&quot;:&quot;&quot;,&quot;bottom&quot;:&quot;&quot;,&quot;left&quot;:&quot;&quot;,&quot;isLinked&quot;:true},&quot;element_pack_global_tooltip_border_radius_tablet&quot;:{&quot;unit&quot;:&quot;px&quot;,&quot;top&quot;:&quot;&quot;,&quot;right&quot;:&quot;&quot;,&quot;bottom&quot;:&quot;&quot;,&quot;left&quot;:&quot;&quot;,&quot;isLinked&quot;:true},&quot;element_pack_global_tooltip_border_radius_mobile&quot;:{&quot;unit&quot;:&quot;px&quot;,&quot;top&quot;:&quot;&quot;,&quot;right&quot;:&quot;&quot;,&quot;bottom&quot;:&quot;&quot;,&quot;left&quot;:&quot;&quot;,&quot;isLinked&quot;:true}}\" data-elementor-post-type=\"page\">\n\t\t\t\t\t\t<section class=\"elementor-section elementor-top-section elementor-element elementor-element-f47433e elementor-section-content-middle elementor-section-boxed ang-section-padding-initial elementor-section-height-default elementor-section-height-default elementor-repeater-item-none elementor-repeater-item-none_hover\" data-id=\"f47433e\" data-element_type=\"section\" data-settings=\"{&quot;background_background&quot;:&quot;classic&quot;}\">\n\t\t\t\t\t\t\t<div class=\"elementor-background-overlay\"><\/div>\n\t\t\t\t\t\t\t<div class=\"elementor-container elementor-column-gap-default\">\n\t\t\t\t\t<div class=\"elementor-column elementor-col-100 elementor-top-column elementor-element elementor-element-ea85081 elementor-repeater-item-none elementor-repeater-item-none_hover\" data-id=\"ea85081\" data-element_type=\"column\">\n\t\t\t<div class=\"elementor-widget-wrap elementor-element-populated\">\n\t\t\t\t\t\t<div class=\"elementor-element elementor-element-ad386b6 elementor-repeater-item-none elementor-repeater-item-none_hover elementor-widget elementor-widget-heading\" data-id=\"ad386b6\" data-element_type=\"widget\" data-widget_type=\"heading.default\">\n\t\t\t\t<div class=\"elementor-widget-container\">\n\t\t\t<h1 class=\"elementor-heading-title elementor-size-default\">Li\u00ean h\u1ec7 v\u1edbi chuy\u00ean gia m\u00e1y \u0111\u00f3ng g\u00f3i tr\u00e0 c\u1ee7a ch\u00fang t\u00f4i<\/h1>\t\t<\/div>\n\t\t\t\t<\/div>\n\t\t\t\t<div class=\"elementor-element elementor-element-815e378 elementor-repeater-item-none elementor-repeater-item-none_hover elementor-widget elementor-widget-text-editor\" data-id=\"815e378\" data-element_type=\"widget\" data-widget_type=\"text-editor.default\">\n\t\t\t\t<div class=\"elementor-widget-container\">\n\t\t\t\t\t\t\t<p>\u00a0T\u1ea1i xhteapack, ch\u00fang t\u00f4i gi\u00fap b\u1ea1n \u0111\u1ea1t \u0111\u01b0\u1ee3c m\u1ee5c ti\u00eau nhanh h\u01a1n, mang l\u1ea1i cho b\u1ea1n nhi\u1ec1u l\u1ee3i nhu\u1eadn h\u01a1n.<\/p>\t\t\t\t\t\t<\/div>\n\t\t\t\t<\/div>\n\t\t\t\t<div class=\"elementor-element elementor-element-6b0e398 elementor-align-center elementor-repeater-item-none elementor-repeater-item-none_hover elementor-widget elementor-widget-breadcrumbs\" data-id=\"6b0e398\" data-element_type=\"widget\" data-widget_type=\"breadcrumbs.default\">\n\t\t\t\t<div class=\"elementor-widget-container\">\n\t\t\t<nav aria-label=\"v\u1ee5n b\u00e1nh m\u00ec\" class=\"rank-math-breadcrumb\"><p><span class=\"last\">Trang ch\u1ee7<\/span><\/p><\/nav>\t\t<\/div>\n\t\t\t\t<\/div>\n\t\t\t\t\t<\/div>\n\t\t<\/div>\n\t\t\t\t\t<\/div>\n\t\t<\/section>\n\t\t\t\t<section class=\"elementor-section elementor-top-section elementor-element elementor-element-fa28548 elementor-section-content-middle elementor-section-height-min-height elementor-section-boxed ang-section-padding-initial elementor-section-height-default elementor-section-items-middle elementor-repeater-item-none elementor-repeater-item-none_hover\" data-id=\"fa28548\" data-element_type=\"section\" data-settings=\"{&quot;background_background&quot;:&quot;classic&quot;}\">\n\t\t\t\t\t\t<div class=\"elementor-container elementor-column-gap-default\">\n\t\t\t\t\t<div class=\"elementor-column elementor-col-100 elementor-top-column elementor-element elementor-element-b9a68d1 elementor-repeater-item-none elementor-repeater-item-none_hover\" data-id=\"b9a68d1\" data-element_type=\"column\" data-settings=\"{&quot;background_background&quot;:&quot;classic&quot;}\">\n\t\t\t<div class=\"elementor-widget-wrap elementor-element-populated\">\n\t\t\t\t\t\t<div class=\"elementor-element elementor-element-19b320b external_elementor-repeater-item-none_external elementor-repeater-item-none elementor-repeater-item-none_hover elementor-widget elementor-widget-image\" data-id=\"19b320b\" data-element_type=\"widget\" data-widget_type=\"image.default\">\n\t\t\t\t<div class=\"elementor-widget-container\">\n\t\t\t\t\t\t\t\t\t\t\t\t\t<img decoding=\"async\" width=\"209\" height=\"90\" src=\"https:\/\/xhteapack.com\/wp-content\/uploads\/2021\/05\/basil-leaf.png\" class=\"attachment-full size-full wp-image-788\" alt=\"\">\t\t\t\t\t\t\t\t\t\t\t\t\t<\/div>\n\t\t\t\t<\/div>\n\t\t\t\t<section class=\"elementor-section elementor-inner-section elementor-element elementor-element-9c48f47 elementor-section-content-top elementor-section-boxed ang-section-padding-initial elementor-section-height-default elementor-section-height-default elementor-repeater-item-none elementor-repeater-item-none_hover\" data-id=\"9c48f47\" data-element_type=\"section\">\n\t\t\t\t\t\t<div class=\"elementor-container elementor-column-gap-default\">\n\t\t\t\t\t<div class=\"elementor-column elementor-col-50 elementor-inner-column elementor-element elementor-element-5320b806 elementor-repeater-item-none elementor-repeater-item-none_hover\" data-id=\"5320b806\" data-element_type=\"column\">\n\t\t\t<div class=\"elementor-widget-wrap elementor-element-populated\">\n\t\t\t\t\t\t<div class=\"elementor-element elementor-element-8db9ffc elementor-repeater-item-none elementor-repeater-item-none_hover elementor-widget elementor-widget-heading\" data-id=\"8db9ffc\" data-element_type=\"widget\" data-widget_type=\"heading.default\">\n\t\t\t\t<div class=\"elementor-widget-container\">\n\t\t\t<h2 class=\"elementor-heading-title elementor-size-default\">Trao \u0111\u1ed5i v\u1edbi chuy\u00ean gia M\u00e1y \u0111\u00f3ng t\u00fai tr\u00e0 v\u1ec1<\/h2>\t\t<\/div>\n\t\t\t\t<\/div>\n\t\t\t\t<div class=\"elementor-element elementor-element-0666372 elementor-repeater-item-none elementor-repeater-item-none_hover elementor-widget elementor-widget-heading\" data-id=\"0666372\" data-element_type=\"widget\" data-widget_type=\"heading.default\">\n\t\t\t\t<div class=\"elementor-widget-container\">\n\t\t\t<h3 class=\"elementor-heading-title elementor-size-default\">M\u00e1y \u0111\u00f3ng g\u00f3i t\u00fai may cho c\u00e1c s\u1ea3n ph\u1ea9m tr\u00e0 ho\u1eb7c c\u00e0 ph\u00ea c\u1ee7a b\u1ea1n<\/h3>\t\t<\/div>\n\t\t\t\t<\/div>\n\t\t\t\t<div class=\"elementor-element elementor-element-8030e93 elementor-repeater-item-none elementor-repeater-item-none_hover elementor-widget elementor-widget-text-editor\" data-id=\"8030e93\" data-element_type=\"widget\" data-widget_type=\"text-editor.default\">\n\t\t\t\t<div class=\"elementor-widget-container\">\n\t\t\t\t\t\t\t<p>B\u1ea1n c\u00f3 th\u1ec3 kh\u00f4ng bi\u1ebft m\u00e1y \u0111\u00f3ng g\u00f3i t\u00fai c\u1ee7a ch\u00fang t\u00f4i c\u00f3 th\u1ec3 l\u00e0m g\u00ec. B\u1ea1n c\u1ea7n cung c\u1ea5p m\u00f4 t\u1ea3 chung v\u1ec1 s\u1ea3n ph\u1ea9m c\u1ee7a m\u00ecnh, ch\u1eb3ng h\u1ea1n nh\u01b0 c\u00e1c \u0111\u1eb7c t\u00ednh v\u1eadt l\u00fd c\u1ee7a n\u00f3: d\u1ea1ng r\u1eafn ho\u1eb7c d\u1ea1ng b\u1ed9t, K\u00edch th\u01b0\u1edbc h\u1ea1t, v.v.<\/p><p>Ngo\u00e0i ra, c\u00e1c th\u00f4ng s\u1ed1 k\u1ef9 thu\u1eadt ch\u00ednh x\u00e1c c\u1ee7a t\u00fai tr\u00e0 c\u0169ng kh\u00f4ng th\u1ec3 thi\u1ebfu, ch\u1eb3ng h\u1ea1n nh\u01b0 ki\u1ec3u d\u00e1ng t\u00fai tr\u00e0, K\u00edch th\u01b0\u1edbc g\u00f3i, tr\u1ecdng l\u01b0\u1ee3ng ho\u1eb7c th\u1ec3 t\u00edch g\u00f3i, t\u1ed1c \u0111\u1ed9 \u0111\u00f3ng g\u00f3i.<\/p>\t\t\t\t\t\t<\/div>\n\t\t\t\t<\/div>\n\t\t\t\t<div class=\"elementor-element elementor-element-a12e448 elementor-widget-divider--view-line elementor-repeater-item-none elementor-repeater-item-none_hover elementor-widget elementor-widget-divider\" data-id=\"a12e448\" data-element_type=\"widget\" data-widget_type=\"divider.default\">\n\t\t\t\t<div class=\"elementor-widget-container\">\n\t\t\t\t\t<div class=\"elementor-divider\">\n\t\t\t<span class=\"elementor-divider-separator\">\n\t\t\t\t\t\t<\/span>\n\t\t<\/div>\n\t\t\t\t<\/div>\n\t\t\t\t<\/div>\n\t\t\t\t<div class=\"elementor-element elementor-element-1d53ffc0 elementor-repeater-item-none elementor-repeater-item-none_hover elementor-widget elementor-widget-heading\" data-id=\"1d53ffc0\" data-element_type=\"widget\" data-widget_type=\"heading.default\">\n\t\t\t\t<div class=\"elementor-widget-container\">\n\t\t\t<h3 class=\"elementor-heading-title elementor-size-default\">L\u1eafp \u0111\u1eb7t, b\u1ea3o tr\u00ec v\u00e0 x\u1eed l\u00fd s\u1ef1 c\u1ed1 m\u00e1y pha tr\u00e0 t\u00fai l\u1ecdc\n<\/h3>\t\t<\/div>\n\t\t\t\t<\/div>\n\t\t\t\t<div class=\"elementor-element elementor-element-53306995 elementor-repeater-item-none elementor-repeater-item-none_hover elementor-widget elementor-widget-text-editor\" data-id=\"53306995\" data-element_type=\"widget\" data-widget_type=\"text-editor.default\">\n\t\t\t\t<div class=\"elementor-widget-container\">\n\t\t\t\t\t\t\t<p>\u0110\u1ec3 gi\u1ea3m thi\u1ec3u th\u1eddi gian d\u1eebng m\u00e1y do l\u1ed7i k\u1ef9 thu\u1eadt c\u1ee7a m\u00e1y \u0111\u00f3ng g\u00f3i ch\u00e8, d\u1ecbch v\u1ee5 h\u1ed7 tr\u1ee3 k\u1ef9 thu\u1eadt l\u00e0 r\u1ea5t c\u1ea7n thi\u1ebft.<\/p>\t\t\t\t\t\t<\/div>\n\t\t\t\t<\/div>\n\t\t\t\t<div class=\"elementor-element elementor-element-689eaef elementor-widget-divider--view-line elementor-repeater-item-none elementor-repeater-item-none_hover elementor-widget elementor-widget-divider\" data-id=\"689eaef\" data-element_type=\"widget\" data-widget_type=\"divider.default\">\n\t\t\t\t<div class=\"elementor-widget-container\">\n\t\t\t\t\t<div class=\"elementor-divider\">\n\t\t\t<span class=\"elementor-divider-separator\">\n\t\t\t\t\t\t<\/span>\n\t\t<\/div>\n\t\t\t\t<\/div>\n\t\t\t\t<\/div>\n\t\t\t\t<div class=\"elementor-element elementor-element-d244e21 elementor-repeater-item-none elementor-repeater-item-none_hover elementor-widget elementor-widget-heading\" data-id=\"d244e21\" data-element_type=\"widget\" data-widget_type=\"heading.default\">\n\t\t\t\t<div class=\"elementor-widget-container\">\n\t\t\t<h3 class=\"elementor-heading-title elementor-size-default\">Mua m\u00e1y \u0111\u00f3ng g\u00f3i tr\u00e0 t\u1eeb Trung Qu\u1ed1c\n<\/h3>\t\t<\/div>\n\t\t\t\t<\/div>\n\t\t\t\t<div class=\"elementor-element elementor-element-fef1afd elementor-repeater-item-none elementor-repeater-item-none_hover elementor-widget elementor-widget-text-editor\" data-id=\"fef1afd\" data-element_type=\"widget\" data-widget_type=\"text-editor.default\">\n\t\t\t\t<div class=\"elementor-widget-container\">\n\t\t\t\t\t\t\t<p>\u0110\u1ed9i ng\u0169 b\u00e1n h\u00e0ng c\u1ee7a ch\u00fang t\u00f4i c\u00f3 th\u1ec3 gi\u00fap b\u1ea1n gi\u1ea3i quy\u1ebft t\u1ea5t c\u1ea3 c\u00e1c v\u1ea5n \u0111\u1ec1 li\u00ean quan \u0111\u1ebfn th\u01b0\u01a1ng m\u1ea1i xu\u1ea5t kh\u1ea9u, nh\u01b0 h\u1eadu c\u1ea7n v\u00e0 th\u00f4ng quan.<\/p>\t\t\t\t\t\t<\/div>\n\t\t\t\t<\/div>\n\t\t\t\t\t<\/div>\n\t\t<\/div>\n\t\t\t\t<div class=\"elementor-column elementor-col-50 elementor-inner-column elementor-element elementor-element-157937f elementor-repeater-item-none elementor-repeater-item-none_hover\" data-id=\"157937f\" data-element_type=\"column\" data-settings=\"{&quot;background_background&quot;:&quot;classic&quot;}\">\n\t\t\t<div class=\"elementor-widget-wrap elementor-element-populated\">\n\t\t\t\t\t\t<div class=\"elementor-element elementor-element-27696a2 elementor-repeater-item-none elementor-repeater-item-none_hover elementor-widget elementor-widget-heading\" data-id=\"27696a2\" data-element_type=\"widget\" data-widget_type=\"heading.default\">\n\t\t\t\t<div class=\"elementor-widget-container\">\n\t\t\t<h2 class=\"elementor-heading-title elementor-size-default\">g\u1eedi y\u00eau c\u1ea7u c\u1ee7a b\u1ea1n<\/h2>\t\t<\/div>\n\t\t\t\t<\/div>\n\t\t\t\t<div class=\"elementor-element elementor-element-b194118 elementor-repeater-item-none elementor-repeater-item-none_hover elementor-widget elementor-widget-text-editor\" data-id=\"b194118\" data-element_type=\"widget\" data-widget_type=\"text-editor.default\">\n\t\t\t\t<div class=\"elementor-widget-container\">\n\t\t\t\t\t\t\t<p>Y\u00eau c\u1ea7u c\u1ee7a b\u1ea1n s\u1ebd \u0111\u01b0\u1ee3c \u0111\u00e1nh gi\u00e1 cao v\u00e0 tr\u1ea3 l\u1eddi b\u1edfi m\u1ed9t nh\u00f3m chuy\u00ean ng\u00e0nh trong 12 gi\u1edd.<\/p>\t\t\t\t\t\t<\/div>\n\t\t\t\t<\/div>\n\t\t\t\t<div class=\"elementor-element elementor-element-570fe65 elementor-button-align-stretch elementor-repeater-item-none elementor-repeater-item-none_hover elementor-widget elementor-widget-form\" data-id=\"570fe65\" data-element_type=\"widget\" data-settings=\"{&quot;step_next_label&quot;:&quot;\\u4e0b\\u4e00\\u4e2a&quot;,&quot;step_previous_label&quot;:&quot;\\u4e0a\\u4e00\\u4e2a&quot;,&quot;button_width&quot;:&quot;100&quot;,&quot;step_type&quot;:&quot;number_text&quot;,&quot;step_icon_shape&quot;:&quot;circle&quot;}\" data-widget_type=\"form.default\">\n\t\t\t\t<div class=\"elementor-widget-container\">\n\t\t\t\t\t<form class=\"elementor-form\" method=\"post\" name=\"Contact Page form\" action=\"\">\n\t\t\t<input type=\"hidden\" name=\"post_id\" value=\"36\"\/>\n\t\t\t<input type=\"hidden\" name=\"form_id\" value=\"570fe65\"\/>\n\t\t\t<input type=\"hidden\" name=\"referer_title\" value=\"\" \/>\n\n\t\t\t\n\t\t\t<div class=\"elementor-form-fields-wrapper elementor-labels-above\">\n\t\t\t\t\t\t\t\t<div class=\"elementor-field-type-text elementor-field-group elementor-column elementor-field-group-name elementor-col-100\">\n\t\t\t\t\t\t\t\t\t\t\t\t<label for=\"form-field-name\" class=\"elementor-field-label\">\n\t\t\t\t\t\t\t\tT\u00ean\t\t\t\t\t\t\t<\/label>\n\t\t\t\t\t\t\t\t\t\t\t\t\t\t<input size=\"1\" type=\"text\" name=\"form_fields[name]\" id=\"form-field-name\" class=\"elementor-field elementor-size-sm  elementor-field-textual\" placeholder=\"xin h\u00e3y nh\u1eadp t\u00ean c\u1ee7a b\u1ea1n\">\n\t\t\t\t\t\t\t\t\t\t\t<\/div>\n\t\t\t\t\t\t\t\t<div class=\"elementor-field-type-text elementor-field-group elementor-column elementor-field-group-field_2b876be elementor-col-100\">\n\t\t\t\t\t\t\t\t\t\t\t\t<label for=\"form-field-field_2b876be\" class=\"elementor-field-label\">\n\t\t\t\t\t\t\t\t\u0110i\u1ec7n tho\u1ea1i\t\t\t\t\t\t\t<\/label>\n\t\t\t\t\t\t\t\t\t\t\t\t\t\t<input size=\"1\" type=\"text\" name=\"form_fields[field_2b876be]\" id=\"form-field-field_2b876be\" class=\"elementor-field elementor-size-sm  elementor-field-textual\" placeholder=\"\u0110i\u1ec7n tho\u1ea1i\/Wechat\/Whatsapp\">\n\t\t\t\t\t\t\t\t\t\t\t<\/div>\n\t\t\t\t\t\t\t\t<div class=\"elementor-field-type-email elementor-field-group elementor-column elementor-field-group-email elementor-col-100 elementor-field-required\">\n\t\t\t\t\t\t\t\t\t\t\t\t<label for=\"form-field-email\" class=\"elementor-field-label\">\n\t\t\t\t\t\t\t\tE-mail\t\t\t\t\t\t\t<\/label>\n\t\t\t\t\t\t\t\t\t\t\t\t\t\t<input size=\"1\" type=\"email\" name=\"form_fields[email]\" id=\"form-field-email\" class=\"elementor-field elementor-size-sm  elementor-field-textual\" placeholder=\"Vui l\u00f2ng nh\u1eadp email\" required=\"required\" aria-required=\"true\">\n\t\t\t\t\t\t\t\t\t\t\t<\/div>\n\t\t\t\t\t\t\t\t<div class=\"elementor-field-type-textarea elementor-field-group elementor-column elementor-field-group-message elementor-col-100\">\n\t\t\t\t\t\t\t\t\t\t\t\t<label for=\"form-field-message\" class=\"elementor-field-label\">\n\t\t\t\t\t\t\t\tTin nh\u1eafn\t\t\t\t\t\t\t<\/label>\n\t\t\t\t\t\t<textarea class=\"elementor-field-textual elementor-field  elementor-size-sm\" name=\"form_fields[message]\" id=\"form-field-message\" rows=\"4\" placeholder=\"T\u00ecnh h\u00ecnh v\u00e0 nhu c\u1ea7u \u0111\u00f3ng g\u00f3i c\u1ee7a b\u1ea1n?\"><\/textarea>\t\t\t\t<\/div>\n\t\t\t\t\t\t\t\t<div class=\"elementor-field-group elementor-column elementor-field-type-submit elementor-col-100 e-form__buttons\">\n\t\t\t\t\t<button class=\"elementor-button elementor-size-sm\" type=\"submit\">\n\t\t\t\t\t\t<span class=\"elementor-button-content-wrapper\">\n\t\t\t\t\t\t\t\t\t\t\t\t\t\t\t\t\t\t\t\t\t\t<span class=\"elementor-button-text\">g\u1eedi bi\u1ec3u m\u1eabu<\/span>\n\t\t\t\t\t\t\t\t\t\t\t\t\t<\/span>\n\t\t\t\t\t<\/button>\n\t\t\t\t<\/div>\n\t\t\t<\/div>\n\t\t<input type=\"hidden\" name=\"trp-form-language\" value=\"vi\"\/><\/form>\n\t\t\t\t<\/div>\n\t\t\t\t<\/div>\n\t\t\t\t<div class=\"elementor-element elementor-element-f0c6195 elementor-repeater-item-none elementor-repeater-item-none_hover elementor-widget elementor-widget-text-editor\" data-id=\"f0c6195\" data-element_type=\"widget\" data-widget_type=\"text-editor.default\">\n\t\t\t\t<div class=\"elementor-widget-container\">\n\t\t\t\t\t\t\t<p>*Quy\u1ec1n ri\u00eang t\u01b0 c\u1ee7a b\u1ea1n s\u1ebd \u0111\u01b0\u1ee3c 100% b\u1ea3o m\u1eadt.<\/p>\t\t\t\t\t\t<\/div>\n\t\t\t\t<\/div>\n\t\t\t\t\t<\/div>\n\t\t<\/div>\n\t\t\t\t\t<\/div>\n\t\t<\/section>\n\t\t\t\t\t<\/div>\n\t\t<\/div>\n\t\t\t\t\t<\/div>\n\t\t<\/section>\n\t\t\t\t<section class=\"elementor-section elementor-top-section elementor-element elementor-element-3b514c37 elementor-section-boxed ang-section-padding-initial elementor-section-height-default elementor-section-height-default elementor-repeater-item-none elementor-repeater-item-none_hover\" data-id=\"3b514c37\" data-element_type=\"section\">\n\t\t\t\t\t\t<div class=\"elementor-container elementor-column-gap-default\">\n\t\t\t\t\t<div class=\"elementor-column elementor-col-100 elementor-top-column elementor-element elementor-element-3fd481f2 elementor-repeater-item-none elementor-repeater-item-none_hover\" data-id=\"3fd481f2\" data-element_type=\"column\">\n\t\t\t<div class=\"elementor-widget-wrap elementor-element-populated\">\n\t\t\t\t\t\t<div class=\"elementor-element elementor-element-35c0132e elementor-widget__width-auto elementor-absolute elementor-view-default elementor-repeater-item-none elementor-repeater-item-none_hover elementor-widget elementor-widget-icon\" data-id=\"35c0132e\" data-element_type=\"widget\" data-settings=\"{&quot;_position&quot;:&quot;absolute&quot;}\" data-widget_type=\"icon.default\">\n\t\t\t\t<div class=\"elementor-widget-container\">\n\t\t\t\t\t<div class=\"elementor-icon-wrapper\">\n\t\t\t<div class=\"elementor-icon\">\n\t\t\t\t\t\t<\/div>\n\t\t<\/div>\n\t\t\t\t<\/div>\n\t\t\t\t<\/div>\n\t\t\t\t\t<\/div>\n\t\t<\/div>\n\t\t\t\t\t<\/div>\n\t\t<\/section>\n\t\t\t\t<section class=\"elementor-section elementor-top-section elementor-element elementor-element-3a019910 elementor-section-boxed ang-section-padding-initial elementor-section-height-default elementor-section-height-default elementor-repeater-item-none elementor-repeater-item-none_hover\" data-id=\"3a019910\" data-element_type=\"section\">\n\t\t\t\t\t\t<div class=\"elementor-container elementor-column-gap-default\">\n\t\t\t\t\t<div class=\"elementor-column elementor-col-100 elementor-top-column elementor-element elementor-element-7b6b9870 elementor-repeater-item-none elementor-repeater-item-none_hover\" data-id=\"7b6b9870\" data-element_type=\"column\">\n\t\t\t<div class=\"elementor-widget-wrap elementor-element-populated\">\n\t\t\t\t\t\t<div class=\"elementor-element elementor-element-338ab95b elementor-widget__width-auto elementor-absolute elementor-view-default elementor-repeater-item-none elementor-repeater-item-none_hover elementor-widget elementor-widget-icon\" data-id=\"338ab95b\" data-element_type=\"widget\" data-settings=\"{&quot;_position&quot;:&quot;absolute&quot;}\" data-widget_type=\"icon.default\">\n\t\t\t\t<div class=\"elementor-widget-container\">\n\t\t\t\t\t<div class=\"elementor-icon-wrapper\">\n\t\t\t<div class=\"elementor-icon\">\n\t\t\t\t\t\t<\/div>\n\t\t<\/div>\n\t\t\t\t<\/div>\n\t\t\t\t<\/div>\n\t\t\t\t\t<\/div>\n\t\t<\/div>\n\t\t\t\t\t<\/div>\n\t\t<\/section>\n\t\t\t\t<section class=\"elementor-section elementor-top-section elementor-element elementor-element-0ec7643 elementor-section-boxed ang-section-padding-initial elementor-section-height-default elementor-section-height-default elementor-repeater-item-none elementor-repeater-item-none_hover\" data-id=\"0ec7643\" data-element_type=\"section\">\n\t\t\t\t\t\t<div class=\"elementor-container elementor-column-gap-default\">\n\t\t\t\t\t<div class=\"elementor-column elementor-col-100 elementor-top-column elementor-element elementor-element-70d2b24 elementor-repeater-item-none elementor-repeater-item-none_hover\" data-id=\"70d2b24\" data-element_type=\"column\">\n\t\t\t<div class=\"elementor-widget-wrap elementor-element-populated\">\n\t\t\t\t\t\t<div class=\"elementor-element elementor-element-2b6352a elementor-repeater-item-none elementor-repeater-item-none_hover elementor-widget elementor-widget-heading\" data-id=\"2b6352a\" data-element_type=\"widget\" data-widget_type=\"heading.default\">\n\t\t\t\t<div class=\"elementor-widget-container\">\n\t\t\t<h2 class=\"elementor-heading-title elementor-size-default\">Tr\u1edf th\u00e0nh nh\u00e0 ph\u00e2n ph\u1ed1i m\u00e1y \u0111\u00f3ng g\u00f3i t\u00fai c\u1ee7a ch\u00fang t\u00f4i<\/h2>\t\t<\/div>\n\t\t\t\t<\/div>\n\t\t\t\t<div class=\"elementor-element elementor-element-ffb21b4 elementor-repeater-item-none elementor-repeater-item-none_hover elementor-widget elementor-widget-text-editor\" data-id=\"ffb21b4\" data-element_type=\"widget\" data-widget_type=\"text-editor.default\">\n\t\t\t\t<div class=\"elementor-widget-container\">\n\t\t\t\t\t\t\t<p>C\u00f3 tr\u1ee5 s\u1edf t\u1ea1i Ch\u01b0\u01a1ng Ch\u00e2u, Trung Qu\u1ed1c, Xhteapack l\u00e0 nh\u00e0 cung c\u1ea5p m\u00e1y \u0111\u00f3ng g\u00f3i t\u00fai t\u1ef1 \u0111\u1ed9ng m\u1edbi n\u1ed5i. Ch\u00fang t\u00f4i t\u1ef1 h\u00e0o v\u1ec1 c\u00e1c s\u1ea3n ph\u1ea9m h\u00e0ng \u0111\u1ea7u c\u1ee7a m\u00ecnh, bao g\u1ed3m m\u00e1y \u0111\u00f3ng g\u00f3i tr\u00e0, m\u00e1y \u0111\u00f3ng g\u00f3i VFFS v\u00e0 m\u00e1y \u0111\u00f3ng g\u00f3i c\u00e0 ph\u00ea, v.v.<\/p><p>\u0110\u1ed9i ng\u0169 R&amp;D chuy\u00ean d\u1ee5ng c\u1ee7a ch\u00fang t\u00f4i \u0111\u1ea3m b\u1ea3o r\u1eb1ng ch\u00fang t\u00f4i lu\u00f4n n\u00e2ng cao c\u00f4ng ngh\u1ec7 c\u1ee7a m\u00ecnh \u2013 n\u00e2ng c\u1ea5p c\u00e1c b\u1ed9 ph\u1eadn v\u00e0 c\u1ea3i ti\u1ebfn ph\u01b0\u01a1ng ph\u00e1p s\u1ea3n xu\u1ea5t, t\u1ea5t c\u1ea3 \u0111\u1ec1u ph\u00f9 h\u1ee3p v\u1edbi ti\u00eau chu\u1ea9n ISO9001.<\/p><p>V\u1edbi \u0111\u1ed9c quy\u1ec1n s\u1ea3n xu\u1ea5t v\u00e0 nghi\u00ean c\u1ee9u c\u00e1c m\u00e1y \u0111\u00f3ng g\u00f3i t\u00fai c\u1ee7a ch\u00fang t\u00f4i, ch\u00fang t\u00f4i s\u1eb5n l\u00f2ng cho ph\u00e9p kh\u00e1ch h\u00e0ng s\u1eed d\u1ee5ng theo lu\u1eadt ph\u00e1p \u0111\u1ecba ph\u01b0\u01a1ng.<\/p><p>Trong th\u1ecb tr\u01b0\u1eddng to\u00e0n c\u1ea7u ng\u00e0y nay, Xhteapack g\u1eedi l\u1eddi m\u1eddi n\u1ed3ng nhi\u1ec7t \u0111\u1ebfn c\u00e1c \u0111\u1ea1i l\u00fd ti\u1ec1m n\u0103ng tr\u00ean to\u00e0n th\u1ebf gi\u1edbi. N\u1ebfu \u0111i\u1ec1u n\u00e0y l\u00e0m b\u1ea1n quan t\u00e2m, \u0111\u1eebng ng\u1ea7n ng\u1ea1i li\u00ean h\u1ec7. Ch\u00fang t\u00f4i mong mu\u1ed1n \u0111\u01b0\u1ee3c chia s\u1ebb nh\u1eefng \u01b0u \u0111i\u1ec3m c\u1ee7a k\u1ef9 thu\u1eadt \u0111\u00f3ng g\u00f3i t\u00fai v\u1edbi b\u1ea1n.\u201d<\/p>\t\t\t\t\t\t<\/div>\n\t\t\t\t<\/div>\n\t\t\t\t\t<\/div>\n\t\t<\/div>\n\t\t\t\t\t<\/div>\n\t\t<\/section>\n\t\t\t\t<\/div>","protected":false},"excerpt":{"rendered":"<p>Li\u00ean h\u1ec7 v\u1edbi c\u00e1c chuy\u00ean gia v\u1ec1 m\u00e1y pha tr\u00e0 t\u00fai l\u1ecdc c\u1ee7a ch\u00fang t\u00f4i T\u1ea1i xhteapack, ch\u00fang t\u00f4i gi\u00fap b\u1ea1n \u0111\u1ea1t \u0111\u01b0\u1ee3c m\u1ee5c ti\u00eau nhanh h\u01a1n, mang l\u1ea1i cho b\u1ea1n nhi\u1ec1u l\u1ee3i nhu\u1eadn h\u01a1n. Trang ch\u1ee7 Tr\u00f2 chuy\u1ec7n v\u1edbi chuy\u00ean gia v\u1ec1 M\u00e1y \u0111\u00f3ng g\u00f3i t\u00fai tr\u00e0 v\u1ec1 M\u00e1y \u0111\u00f3ng g\u00f3i t\u00fai ph\u00f9 h\u1ee3p cho c\u00e1c s\u1ea3n ph\u1ea9m tr\u00e0 ho\u1eb7c c\u00e0 ph\u00ea c\u1ee7a b\u1ea1n B\u1ea1n c\u00f3 th\u1ec3 kh\u00f4ng bi\u1ebft m\u00e1y \u0111\u00f3ng g\u00f3i t\u00fai c\u1ee7a ch\u00fang t\u00f4i c\u00f3 th\u1ec3 l\u00e0m \u0111\u01b0\u1ee3c nh\u1eefng g\u00ec. B\u1ea1n c\u1ea7n cung c\u1ea5p m\u00f4 t\u1ea3 chung [\u2026]<\/p>","protected":false},"author":1,"featured_media":0,"parent":0,"menu_order":0,"comment_status":"closed","ping_status":"closed","template":"","meta":{"_eb_attr":"","footnotes":""},"class_list":["post-36","page","type-page","status-publish","hentry"],"_links":{"self":[{"href":"https:\/\/xhteapack.com\/vi\/wp-json\/wp\/v2\/pages\/36","targetHints":{"allow":["GET"]}}],"collection":[{"href":"https:\/\/xhteapack.com\/vi\/wp-json\/wp\/v2\/pages"}],"about":[{"href":"https:\/\/xhteapack.com\/vi\/wp-json\/wp\/v2\/types\/page"}],"author":[{"embeddable":true,"href":"https:\/\/xhteapack.com\/vi\/wp-json\/wp\/v2\/users\/1"}],"replies":[{"embeddable":true,"href":"https:\/\/xhteapack.com\/vi\/wp-json\/wp\/v2\/comments?post=36"}],"version-history":[{"count":0,"href":"https:\/\/xhteapack.com\/vi\/wp-json\/wp\/v2\/pages\/36\/revisions"}],"wp:attachment":[{"href":"https:\/\/xhteapack.com\/vi\/wp-json\/wp\/v2\/media?parent=36"}],"curies":[{"name":"wp","href":"https:\/\/api.w.org\/{rel}","templated":true}]}}