{"id":10406,"date":"2024-03-01T17:59:31","date_gmt":"2024-03-01T09:59:31","guid":{"rendered":"https:\/\/xhteapack.com\/?page_id=10406"},"modified":"2024-03-01T17:59:49","modified_gmt":"2024-03-01T09:59:49","slug":"chinh-sach-bao-mat","status":"publish","type":"page","link":"https:\/\/xhteapack.com\/vi\/chinh-sach-bao-mat\/","title":{"rendered":"Ch\u00ednh s\u00e1ch b\u1ea3o m\u1eadt"},"content":{"rendered":"<p>Ng\u00e0y c\u00f3 hi\u1ec7u l\u1ef1c: 2024-03-01<\/p><p>C\u1eadp nh\u1eadt v\u00e0o: 2024-03-01<\/p><p>Ch\u00ednh s\u00e1ch quy\u1ec1n ri\u00eang t\u01b0 n\u00e0y gi\u1ea3i th\u00edch c\u00e1c ch\u00ednh s\u00e1ch c\u1ee7a Xhteapack v\u1ec1 vi\u1ec7c thu th\u1eadp v\u00e0 s\u1eed d\u1ee5ng th\u00f4ng tin ch\u00fang t\u00f4i thu th\u1eadp khi b\u1ea1n truy c\u1eadp https:\/\/xhteapack.com\/ (\u201cD\u1ecbch v\u1ee5\u201d). Ch\u00ednh s\u00e1ch quy\u1ec1n ri\u00eang t\u01b0 n\u00e0y m\u00f4 t\u1ea3 quy\u1ec1n ri\u00eang t\u01b0 c\u1ee7a b\u1ea1n v\u00e0 c\u00e1ch b\u1ea1n \u0111\u01b0\u1ee3c b\u1ea3o v\u1ec7 theo lu\u1eadt ri\u00eang t\u01b0.<\/p><p>B\u1eb1ng c\u00e1ch s\u1eed d\u1ee5ng D\u1ecbch v\u1ee5 c\u1ee7a ch\u00fang t\u00f4i, b\u1ea1n \u0111\u1ed3ng \u00fd v\u1edbi vi\u1ec7c thu th\u1eadp v\u00e0 s\u1eed d\u1ee5ng th\u00f4ng tin c\u1ee7a m\u00ecnh theo Ch\u00ednh s\u00e1ch quy\u1ec1n ri\u00eang t\u01b0 n\u00e0y. Vui l\u00f2ng kh\u00f4ng truy c\u1eadp ho\u1eb7c s\u1eed d\u1ee5ng D\u1ecbch v\u1ee5 c\u1ee7a ch\u00fang t\u00f4i n\u1ebfu b\u1ea1n kh\u00f4ng \u0111\u1ed3ng \u00fd v\u1edbi vi\u1ec7c thu th\u1eadp v\u00e0 s\u1eed d\u1ee5ng th\u00f4ng tin c\u1ee7a m\u00ecnh nh\u01b0 \u0111\u01b0\u1ee3c n\u00eau trong Ch\u00ednh s\u00e1ch quy\u1ec1n ri\u00eang t\u01b0 n\u00e0y. <\/p><p>Xhteapack \u0111\u01b0\u1ee3c ph\u00e9p s\u1eeda \u0111\u1ed5i Ch\u00ednh s\u00e1ch quy\u1ec1n ri\u00eang t\u01b0 n\u00e0y b\u1ea5t c\u1ee9 l\u00fac n\u00e0o. \u0110i\u1ec1u n\u00e0y c\u00f3 th\u1ec3 x\u1ea3y ra m\u00e0 kh\u00f4ng c\u1ea7n th\u00f4ng b\u00e1o tr\u01b0\u1edbc.<\/p><p>Xhteapack s\u1ebd \u0111\u0103ng Ch\u00ednh s\u00e1ch quy\u1ec1n ri\u00eang t\u01b0 \u0111\u00e3 s\u1eeda \u0111\u1ed5i tr\u00ean trang web https:\/\/xhteapack.com\/<\/p><h3 class=\"wp-block-heading\">Thu th\u1eadp v\u00e0 s\u1eed d\u1ee5ng th\u00f4ng tin c\u00e1 nh\u00e2n c\u1ee7a b\u1ea1n<\/h3><h4 class=\"wp-block-heading\">th\u00f4ng tin ch\u00fang t\u00f4i thu th\u1eadp<\/h4><p>Khi s\u1eed d\u1ee5ng D\u1ecbch v\u1ee5 c\u1ee7a ch\u00fang t\u00f4i, b\u1ea1n s\u1ebd \u0111\u01b0\u1ee3c nh\u1eafc cung c\u1ea5p cho ch\u00fang t\u00f4i th\u00f4ng tin c\u00e1 nh\u00e2n d\u00f9ng \u0111\u1ec3 li\u00ean h\u1ec7 ho\u1eb7c nh\u1eadn d\u1ea1ng b\u1ea1n. https:\/\/xhteapack.com\/ thu th\u1eadp c\u00e1c th\u00f4ng tin sau:<\/p><ul class=\"wp-block-list\"><li>D\u1eef li\u1ec7u s\u1eed d\u1ee5ng<\/li><\/ul><p>D\u1eef li\u1ec7u s\u1eed d\u1ee5ng bao g\u1ed3m:<\/p><ul class=\"wp-block-list\"><li>\u0110\u1ecba ch\u1ec9 Giao th\u1ee9c Internet (IP) c\u1ee7a m\u00e1y t\u00ednh truy c\u1eadp trang web<\/li>\n\n<li>Y\u00eau c\u1ea7u trang web<\/li>\n\n<li>C\u00e1c trang web tham kh\u1ea3o<\/li>\n\n<li>Tr\u00ecnh duy\u1ec7t \u0111\u01b0\u1ee3c s\u1eed d\u1ee5ng \u0111\u1ec3 truy c\u1eadp trang web<\/li>\n\n<li>Ng\u00e0y v\u00e0 gi\u1edd truy c\u1eadp<\/li><\/ul><h4 class=\"wp-block-heading\">C\u00e1ch ch\u00fang t\u00f4i thu th\u1eadp th\u00f4ng tin<\/h4><p>https:\/\/xhteapack.com\/ thu th\u1eadp v\u00e0 nh\u1eadn th\u00f4ng tin t\u1eeb b\u1ea1n theo c\u00e1ch sau:<\/p><ul class=\"wp-block-list\"><li>Khi b\u1ea1n \u0111i\u1ec1n v\u00e0o m\u1eabu \u0111\u0103ng k\u00fd ho\u1eb7c g\u1eedi th\u00f4ng tin c\u00e1 nh\u00e2n c\u1ee7a b\u1ea1n.<\/li><\/ul><p>Th\u00f4ng tin c\u1ee7a b\u1ea1n s\u1ebd \u0111\u01b0\u1ee3c l\u01b0u tr\u1eef trong t\u1ed1i \u0111a 30 ng\u00e0y sau khi kh\u00f4ng c\u00f2n c\u1ea7n thi\u1ebft \u0111\u1ec3 cung c\u1ea5p d\u1ecbch v\u1ee5 cho b\u1ea1n n\u1eefa. Th\u00f4ng tin c\u1ee7a b\u1ea1n c\u00f3 th\u1ec3 \u0111\u01b0\u1ee3c l\u01b0u gi\u1eef trong th\u1eddi gian d\u00e0i h\u01a1n \u0111\u1ec3 b\u00e1o c\u00e1o ho\u1eb7c l\u01b0u gi\u1eef h\u1ed3 s\u01a1 theo lu\u1eadt hi\u1ec7n h\u00e0nh. Th\u00f4ng tin kh\u00f4ng nh\u1eadn d\u1ea1ng c\u00e1 nh\u00e2n b\u1ea1n c\u00f3 th\u1ec3 \u0111\u01b0\u1ee3c l\u01b0u tr\u1eef v\u00f4 th\u1eddi h\u1ea1n.<\/p><h4 class=\"wp-block-heading\">C\u00e1ch ch\u00fang t\u00f4i s\u1eed d\u1ee5ng th\u00f4ng tin c\u1ee7a b\u1ea1n<\/h4><p>https:\/\/xhteapack.com\/ c\u00f3 th\u1ec3 s\u1eed d\u1ee5ng th\u00f4ng tin c\u1ee7a b\u1ea1n cho c\u00e1c m\u1ee5c \u0111\u00edch sau:<\/p><ul class=\"wp-block-list\"><li><strong>Cung c\u1ea5p v\u00e0 duy tr\u00ec D\u1ecbch v\u1ee5 c\u1ee7a ch\u00fang t\u00f4i,<\/strong>&nbsp;c\u0169ng nh\u01b0 gi\u00e1m s\u00e1t vi\u1ec7c s\u1eed d\u1ee5ng D\u1ecbch v\u1ee5 c\u1ee7a ch\u00fang t\u00f4i.<\/li><\/ul><h4 class=\"wp-block-heading\">C\u00e1ch ch\u00fang t\u00f4i chia s\u1ebb th\u00f4ng tin c\u1ee7a b\u1ea1n<\/h4><p>Xhteapack s\u1ebd chia s\u1ebb th\u00f4ng tin c\u1ee7a b\u1ea1n, khi c\u00f3 th\u1ec3, trong c\u00e1c tr\u01b0\u1eddng h\u1ee3p sau:<\/p><ul class=\"wp-block-list\"><li><strong>V\u1edbi s\u1ef1 \u0111\u1ed3ng \u00fd c\u1ee7a b\u1ea1n.<\/strong>&nbsp;Xhteapack s\u1ebd chia s\u1ebb th\u00f4ng tin c\u1ee7a b\u1ea1n cho b\u1ea5t k\u1ef3 m\u1ee5c \u0111\u00edch n\u00e0o khi c\u00f3 s\u1ef1 \u0111\u1ed3ng \u00fd r\u00f5 r\u00e0ng c\u1ee7a b\u1ea1n.<\/li><\/ul><h4 class=\"wp-block-heading\">Chia s\u1ebb c\u1ee7a b\u00ean th\u1ee9 ba<\/h4><p>Th\u00f4ng tin c\u1ee7a b\u1ea1n c\u00f3 th\u1ec3 \u0111\u01b0\u1ee3c ti\u1ebft l\u1ed9 v\u00ec nh\u1eefng l\u00fd do b\u1ed5 sung, bao g\u1ed3m:<\/p><ul class=\"wp-block-list\"><li>Tu\u00e2n th\u1ee7 lu\u1eadt ph\u00e1p, quy \u0111\u1ecbnh hi\u1ec7n h\u00e0nh ho\u1eb7c l\u1ec7nh c\u1ee7a t\u00f2a \u00e1n.<\/li>\n\n<li>Ph\u1ea3n h\u1ed3i c\u00e1c khi\u1ebfu n\u1ea1i r\u1eb1ng vi\u1ec7c b\u1ea1n s\u1eed d\u1ee5ng D\u1ecbch v\u1ee5 c\u1ee7a ch\u00fang t\u00f4i vi ph\u1ea1m quy\u1ec1n c\u1ee7a b\u00ean th\u1ee9 ba.<\/li>\n\n<li>Th\u1ef1c thi c\u00e1c th\u1ecfa thu\u1eadn b\u1ea1n k\u00fd v\u1edbi ch\u00fang t\u00f4i, bao g\u1ed3m c\u1ea3 Ch\u00ednh s\u00e1ch quy\u1ec1n ri\u00eang t\u01b0 n\u00e0y.<\/li><\/ul><h4 class=\"wp-block-heading\">B\u00e1nh quy<\/h4><p>Cookie l\u00e0 c\u00e1c t\u1ec7p v\u0103n b\u1ea3n nh\u1ecf \u0111\u01b0\u1ee3c c\u00e1c trang web b\u1ea1n truy c\u1eadp \u0111\u1eb7t tr\u00ean m\u00e1y t\u00ednh c\u1ee7a b\u1ea1n. C\u00e1c trang web s\u1eed d\u1ee5ng cookie \u0111\u1ec3 gi\u00fap ng\u01b0\u1eddi d\u00f9ng \u0111i\u1ec1u h\u01b0\u1edbng hi\u1ec7u qu\u1ea3 v\u00e0 th\u1ef1c hi\u1ec7n m\u1ed9t s\u1ed1 ch\u1ee9c n\u0103ng nh\u1ea5t \u0111\u1ecbnh. Nh\u1eefng cookie c\u1ea7n thi\u1ebft \u0111\u1ec3 trang web ho\u1ea1t \u0111\u1ed9ng b\u00ecnh th\u01b0\u1eddng \u0111\u01b0\u1ee3c ph\u00e9p \u0111\u1eb7t m\u00e0 kh\u00f4ng c\u1ea7n s\u1ef1 cho ph\u00e9p c\u1ee7a b\u1ea1n. T\u1ea5t c\u1ea3 c\u00e1c cookie kh\u00e1c c\u1ea7n ph\u1ea3i \u0111\u01b0\u1ee3c ph\u00ea duy\u1ec7t tr\u01b0\u1edbc khi ch\u00fang c\u00f3 th\u1ec3 \u0111\u01b0\u1ee3c \u0111\u1eb7t trong tr\u00ecnh duy\u1ec7t.<\/p><ul class=\"wp-block-list\"><li><strong>Cookie th\u1ef1c s\u1ef1 c\u1ea7n thi\u1ebft.<\/strong>&nbsp;C\u00e1c cookie h\u1ebft s\u1ee9c c\u1ea7n thi\u1ebft cho ph\u00e9p th\u1ef1c hi\u1ec7n ch\u1ee9c n\u0103ng c\u1ed1t l\u00f5i c\u1ee7a trang web nh\u01b0 \u0111\u0103ng nh\u1eadp ng\u01b0\u1eddi d\u00f9ng v\u00e0 qu\u1ea3n l\u00fd t\u00e0i kho\u1ea3n. Trang web kh\u00f4ng th\u1ec3 \u0111\u01b0\u1ee3c s\u1eed d\u1ee5ng \u0111\u00fang c\u00e1ch n\u1ebfu kh\u00f4ng c\u00f3 cookie th\u1ef1c s\u1ef1 c\u1ea7n thi\u1ebft.<\/li><\/ul><h4 class=\"wp-block-heading\">B\u1ea3o v\u1ec7<\/h4><p>B\u1ea3o m\u1eadt th\u00f4ng tin c\u1ee7a b\u1ea1n r\u1ea5t quan tr\u1ecdng \u0111\u1ed1i v\u1edbi ch\u00fang t\u00f4i. https:\/\/xhteapack.com\/ s\u1eed d\u1ee5ng m\u1ed9t lo\u1ea1t c\u00e1c bi\u1ec7n ph\u00e1p b\u1ea3o m\u1eadt \u0111\u1ec3 ng\u0103n ch\u1eb7n vi\u1ec7c s\u1eed d\u1ee5ng sai, m\u1ea5t ho\u1eb7c thay \u0111\u1ed5i th\u00f4ng tin b\u1ea1n \u0111\u00e3 cung c\u1ea5p cho ch\u00fang t\u00f4i. Tuy nhi\u00ean, v\u00ec ch\u00fang t\u00f4i kh\u00f4ng th\u1ec3 \u0111\u1ea3m b\u1ea3o t\u00ednh b\u1ea3o m\u1eadt c\u1ee7a th\u00f4ng tin b\u1ea1n cung c\u1ea5p cho ch\u00fang t\u00f4i n\u00ean b\u1ea1n ph\u1ea3i t\u1ef1 ch\u1ecbu r\u1ee7i ro khi truy c\u1eadp d\u1ecbch v\u1ee5 c\u1ee7a ch\u00fang t\u00f4i.<\/p><p>Xhteapack kh\u00f4ng ch\u1ecbu tr\u00e1ch nhi\u1ec7m v\u1ec1 hi\u1ec7u su\u1ea5t c\u1ee7a c\u00e1c trang web do b\u00ean th\u1ee9 ba v\u1eadn h\u00e0nh ho\u1eb7c t\u01b0\u01a1ng t\u00e1c c\u1ee7a b\u1ea1n v\u1edbi h\u1ecd. Khi b\u1ea1n r\u1eddi kh\u1ecfi trang web n\u00e0y, ch\u00fang t\u00f4i khuy\u00ean b\u1ea1n n\u00ean xem l\u1ea1i c\u00e1c nguy\u00ean t\u1eafc b\u1ea3o m\u1eadt c\u1ee7a c\u00e1c trang web kh\u00e1c m\u00e0 b\u1ea1n t\u01b0\u01a1ng t\u00e1c v\u00e0 x\u00e1c \u0111\u1ecbnh t\u00ednh th\u1ecfa \u0111\u00e1ng c\u1ee7a nh\u1eefng nguy\u00ean t\u1eafc \u0111\u00f3.<\/p><h4 class=\"wp-block-heading\">Li\u00ean h\u1ec7 ch\u00fang t\u00f4i<\/h4><p>M\u1ecdi th\u1eafc m\u1eafc vui l\u00f2ng li\u00ean h\u1ec7 v\u1edbi ch\u00fang t\u00f4i qua c\u00e1c ph\u01b0\u01a1ng th\u1ee9c sau:<\/p><p>T\u00ean: Xhteapack<\/p><p>\u0110\u1ecba ch\u1ec9: S\u1ed1 150 \u0111\u01b0\u1eddng Bei Hu\u00e2n Cheng, qu\u1eadn Longwen, th\u00e0nh ph\u1ed1 Ch\u01b0\u01a1ng Ch\u00e2u, Ph\u00fac Ki\u1ebfn Trung Qu\u1ed1c<\/p><p>Email: ericlu@xhpackingmachine.com<\/p><p>Trang web: https:\/\/xhteapack.com\/<\/p><p>\u0110i\u1ec7n tho\u1ea1i: +86-133-8695-0736<\/p><p>N\u1ebfu b\u1ea1n c\u00f3 b\u1ea5t k\u1ef3 th\u1eafc m\u1eafc ho\u1eb7c quan ng\u1ea1i n\u00e0o li\u00ean quan \u0111\u1ebfn vi\u1ec7c x\u1eed l\u00fd th\u00f4ng tin c\u1ee7a m\u00ecnh, b\u1ea1n c\u00f3 th\u1ec3 li\u00ean h\u1ec7 v\u1edbi Nh\u00e2n vi\u00ean quy\u1ec1n ri\u00eang t\u01b0 c\u1ee7a ch\u00fang t\u00f4i theo \u0111\u1ecba ch\u1ec9 Eric, ericlu@xhpackingmachine.com.<\/p>","protected":false},"excerpt":{"rendered":"<p>Ng\u00e0y c\u00f3 hi\u1ec7u l\u1ef1c: 2024-03-01 C\u1eadp nh\u1eadt v\u00e0o: 2024-03-01 Ch\u00ednh s\u00e1ch quy\u1ec1n ri\u00eang t\u01b0 n\u00e0y gi\u1ea3i th\u00edch c\u00e1c ch\u00ednh s\u00e1ch c\u1ee7a Xhteapack v\u1ec1 vi\u1ec7c thu th\u1eadp v\u00e0 s\u1eed d\u1ee5ng th\u00f4ng tin ch\u00fang t\u00f4i thu th\u1eadp khi b\u1ea1n truy c\u1eadp https:\/\/xhteapack.com\/ (\u201cD\u1ecbch v\u1ee5\u201d ). Ch\u00ednh s\u00e1ch quy\u1ec1n ri\u00eang t\u01b0 n\u00e0y m\u00f4 t\u1ea3 quy\u1ec1n ri\u00eang t\u01b0 c\u1ee7a b\u1ea1n v\u00e0 c\u00e1ch b\u1ea1n \u0111\u01b0\u1ee3c b\u1ea3o v\u1ec7 theo lu\u1eadt ri\u00eang t\u01b0. B\u1eb1ng c\u00e1ch s\u1eed d\u1ee5ng D\u1ecbch v\u1ee5 c\u1ee7a ch\u00fang t\u00f4i, b\u1ea1n \u0111\u1ed3ng \u00fd v\u1edbi vi\u1ec7c thu th\u1eadp [\u2026]<\/p>","protected":false},"author":1,"featured_media":0,"parent":0,"menu_order":0,"comment_status":"closed","ping_status":"closed","template":"","meta":{"_eb_attr":"","footnotes":""},"class_list":["post-10406","page","type-page","status-publish","hentry"],"_links":{"self":[{"href":"https:\/\/xhteapack.com\/vi\/wp-json\/wp\/v2\/pages\/10406","targetHints":{"allow":["GET"]}}],"collection":[{"href":"https:\/\/xhteapack.com\/vi\/wp-json\/wp\/v2\/pages"}],"about":[{"href":"https:\/\/xhteapack.com\/vi\/wp-json\/wp\/v2\/types\/page"}],"author":[{"embeddable":true,"href":"https:\/\/xhteapack.com\/vi\/wp-json\/wp\/v2\/users\/1"}],"replies":[{"embeddable":true,"href":"https:\/\/xhteapack.com\/vi\/wp-json\/wp\/v2\/comments?post=10406"}],"version-history":[{"count":0,"href":"https:\/\/xhteapack.com\/vi\/wp-json\/wp\/v2\/pages\/10406\/revisions"}],"wp:attachment":[{"href":"https:\/\/xhteapack.com\/vi\/wp-json\/wp\/v2\/media?parent=10406"}],"curies":[{"name":"wp","href":"https:\/\/api.w.org\/{rel}","templated":true}]}}